{"id":1406,"date":"2022-01-11T09:43:40","date_gmt":"2022-01-11T14:43:40","guid":{"rendered":"http:\/\/new.tiendahercules.com.co\/contact\/"},"modified":"2022-03-08T08:45:38","modified_gmt":"2022-03-08T13:45:38","slug":"contact","status":"publish","type":"page","link":"https:\/\/www.aseguridad.co\/en\/contact\/","title":{"rendered":"Contact"},"content":{"rendered":"\t\t<div data-elementor-type=\"wp-post\" data-elementor-id=\"1406\" class=\"elementor elementor-1406 elementor-46\">\n\t\t\t\t\t\t<section class=\"elementor-section elementor-top-section elementor-element elementor-element-f1deb81 elementor-section-full_width elementor-section-height-default elementor-section-height-default\" data-id=\"f1deb81\" data-element_type=\"section\" data-e-type=\"section\">\n\t\t\t\t\t\t<div class=\"elementor-container elementor-column-gap-default\">\n\t\t\t\t\t<div class=\"elementor-column elementor-col-100 elementor-top-column elementor-element elementor-element-c57bea1\" data-id=\"c57bea1\" data-element_type=\"column\" data-e-type=\"column\">\n\t\t\t<div class=\"elementor-widget-wrap elementor-element-populated\">\n\t\t\t\t\t\t<div class=\"elementor-element elementor-element-dc36bfd elementor-align-left elementor-widget elementor-widget-bdevs-banner\" data-id=\"dc36bfd\" data-element_type=\"widget\" data-e-type=\"widget\" data-widget_type=\"bdevs-banner.default\">\n\t\t\t\t<div class=\"elementor-widget-container\">\n\t\t\t\t\t\t\t<!-- Page Title Start -->\r\n\t\t<section class=\"page-title-section\" style=\"background-image: url(https:\/\/www.aseguridad.co\/wp-content\/uploads\/2020\/10\/page-title-bg.jpg);\">\r\n\t\t\t<div class=\"container\">\r\n\t\t\t\t<div class=\"row\">\r\n\t\t\t\t\t<div class=\"col-xl-12 text-center\">\r\n\t\t\t\t\t\t<div class=\"page-title-content\">\r\n\t\t\t\t\t\t\t<h3 class=\"title text-white\">Cont\u00e1ctanos<\/h3>\r\n\t\t\t\t\t\t\t<nav aria-label=\"breadcrumb\">\r\n\t\t\t\t\t\t\t\t<ol class=\"breadcrumb\">\r\n\t\t\t\t\t\t\t\t\t<li class=\"breadcrumb-item\"><a href=\"https:\/\/www.aseguridad.co\/en\/\">Inicio<\/a><\/li>\r\n\t\t\t\t\t\t\t\t\t<li class=\"breadcrumb-item active\" aria-current=\"page\">Cont\u00e1ctanos<\/li>\r\n\t\t\t\t\t\t\t\t<\/ol>\r\n\t\t\t\t\t\t\t<\/nav>\r\n\t\t\t\t\t\t<\/div>\r\n\t\t\t\t\t<\/div>\r\n\t\t\t\t<\/div>\r\n\t\t\t<\/div>\r\n\t\t<\/section>\r\n\t\t<!-- Page Title End -->\r\n\t\t\t\t\t<\/div>\n\t\t\t\t<\/div>\n\t\t\t\t\t<\/div>\n\t\t<\/div>\n\t\t\t\t\t<\/div>\n\t\t<\/section>\n\t\t\t\t<section class=\"elementor-section elementor-top-section elementor-element elementor-element-fd0ab92 elementor-section-boxed elementor-section-height-default elementor-section-height-default\" data-id=\"fd0ab92\" data-element_type=\"section\" data-e-type=\"section\">\n\t\t\t\t\t\t<div class=\"elementor-container elementor-column-gap-default\">\n\t\t\t\t\t<div class=\"elementor-column elementor-col-100 elementor-top-column elementor-element elementor-element-f65e3a4\" data-id=\"f65e3a4\" data-element_type=\"column\" data-e-type=\"column\">\n\t\t\t<div class=\"elementor-widget-wrap elementor-element-populated\">\n\t\t\t\t\t\t<div class=\"elementor-element elementor-element-d40227e contact-container elementor-align-left elementor-widget elementor-widget-bdevs-contact\" data-id=\"d40227e\" data-element_type=\"widget\" data-e-type=\"widget\" data-widget_type=\"bdevs-contact.default\">\n\t\t\t\t<div class=\"elementor-widget-container\">\n\t\t\t\t\t\t\t<!-- Contact Section Start -->\r\n\t\t<section class=\"contact-section pdt-110 pdb-95 pdb-lg-90\" data-background=\"\">\r\n\t\t\t<div class=\"container\">\r\n\t\t\t\t<div class=\"row mrb-40\">\r\n\t\t\t\t\t\t\t\t\t\t<div class=\"col-lg-6 col-xl-4\">\r\n\t\t\t\t\t\t<div class=\"contact-block d-flex mrb-30\">\r\n\t\t\t\t\t\t\t<div class=\"contact-icon\">\r\n\t\t\t\t\t\t\t\t<i class=\"webex-icon-Phone2\"><\/i>\r\n\t\t\t\t\t\t\t<\/div>\r\n\t\t\t\t\t\t\t<div class=\"contact-details mrl-30\">\r\n\t\t\t\t\t\t\t\t<h5 class=\"icon-box-title mrb-10\">Tel\u00e9fonos<\/h5>\r\n\t\t\t\t\t\t\t\t<p class=\"mrb-0\"> 6076832420<\/br>\n+573168740433 <\/br>\n+573183727375\n<\/p>\r\n\t\t\t\t\t\t\t<\/div>\r\n\t\t\t\t\t\t<\/div>\r\n\t\t\t\t\t<\/div>\r\n\t\t\t\t\t\t\t\t\t\t<div class=\"col-lg-6 col-xl-4\">\r\n\t\t\t\t\t\t<div class=\"contact-block d-flex mrb-30\">\r\n\t\t\t\t\t\t\t<div class=\"contact-icon\">\r\n\t\t\t\t\t\t\t\t<i class=\"webex-icon-envelope\"><\/i>\r\n\t\t\t\t\t\t\t<\/div>\r\n\t\t\t\t\t\t\t<div class=\"contact-details mrl-30\">\r\n\t\t\t\t\t\t\t\t<h5 class=\"icon-box-title mrb-10\">Email<\/h5>\r\n\t\t\t\t\t\t\t\t<p class=\"mrb-0\">Info@aseguridad.co<\/p>\r\n\t\t\t\t\t\t\t<\/div>\r\n\t\t\t\t\t\t<\/div>\r\n\t\t\t\t\t<\/div>\r\n\t\t\t\t\t\t\t\t\t\t<div class=\"col-lg-6 col-xl-4\">\r\n\t\t\t\t\t\t<div class=\"contact-block d-flex mrb-30\">\r\n\t\t\t\t\t\t\t<div class=\"contact-icon\">\r\n\t\t\t\t\t\t\t\t<i class=\"webex-icon-map1\"><\/i>\r\n\t\t\t\t\t\t\t<\/div>\r\n\t\t\t\t\t\t\t<div class=\"contact-details mrl-30\">\r\n\t\t\t\t\t\t\t\t<h5 class=\"icon-box-title mrb-10\">Oficina principal<\/h5>\r\n\t\t\t\t\t\t\t\t<p class=\"mrb-0\">Cra 32 No 20 - 79, <\/br>\n\nBucaramanga,<\/br><\/p>\r\n\t\t\t\t\t\t\t<\/div>\r\n\t\t\t\t\t\t<\/div>\r\n\t\t\t\t\t<\/div>\r\n\t\t\t\t\t\t\t\t\t<\/div>\r\n\t\t\t\t<div class=\"row\">\r\n\t\t\t\t\t<div class=\"col-lg-5 col-xl-5\">\r\n\t\t\t\t\t\t\t\t\t\t\t\t<h5 class=\"sub-title-side-line text-primary-color mrt-0 mrb-15\">Comun\u00edcate con nosotros<\/h5>\r\n\t\t\t\t\t\t\t\t\t\t\t\t<h2 class=\"faq-title mrb-30\">A.S.S LTDA<\/h2>\r\n\t\t\t\t\t\t<p class=\"mrb-40\">Para todo tipo de preguntas, comentarios e inquietudes; por favor comun\u00edcate a nuestras l\u00edneas de contacto o completa el formulario a continuaci\u00f3n y con gusto te responderemos, gracias.\n\n\n\n<\/p>\r\n\t\t\t\t\t\t<ul class=\"social-list list-lg list-primary-color list-flat mrb-md-60 clearfix\">\r\n\t\t\t\t\t\t\t\t\t\t\t\t\t\t<li><a href=\"https:\/\/www.facebook.com\/ASSLTDA1\"><i class=\"fab fa-facebook\"><\/i><\/a><\/li>\r\n\t\t\t\t\t\t\t\t\t\t\t\t\t\t\t\t\t\t\t\t\t\t\t\t\t\t\t\t<li><a href=\"https:\/\/www.instagram.com\/assltda\"><i class=\"fab fa-instagram\"><\/i><\/a><\/li>\r\n\t\t\t\t\t\t\t\t\t\t\t\t\t\t\t\t\t\t\t\t<\/ul>\r\n\t\t\t\t\t<\/div>\r\n\t\t\t\t\t<div class=\"col-lg-7 col-xl-7\">\r\n\t\t\t\t\t\t<div class=\"contact-form\">\r\n\t\t\t\t\t\t\t\n<div class=\"wpcf7 no-js\" id=\"wpcf7-f176-o1\" lang=\"es-ES\" dir=\"ltr\" data-wpcf7-id=\"176\">\n<div class=\"screen-reader-response\"><p role=\"status\" aria-live=\"polite\" aria-atomic=\"true\"><\/p> <ul><\/ul><\/div>\n<form action=\"\/en\/wp-json\/wp\/v2\/pages\/1406#wpcf7-f176-o1\" method=\"post\" class=\"wpcf7-form init\" aria-label=\"Formulario de contacto\" novalidate=\"novalidate\" data-status=\"init\">\n<fieldset class=\"hidden-fields-container\"><input type=\"hidden\" name=\"_wpcf7\" value=\"176\" \/><input type=\"hidden\" name=\"_wpcf7_version\" value=\"6.1.5\" \/><input type=\"hidden\" name=\"_wpcf7_locale\" value=\"es_ES\" \/><input type=\"hidden\" name=\"_wpcf7_unit_tag\" value=\"wpcf7-f176-o1\" \/><input type=\"hidden\" name=\"_wpcf7_container_post\" value=\"0\" \/><input type=\"hidden\" name=\"_wpcf7_posted_data_hash\" value=\"\" \/>\n<\/fieldset>\n<div>\n\t<div class=\"row\">\n\t\t<div class=\"col-lg-6\">\n\t\t\t<div class=\"form-group mrb-25\">\n\t\t\t\t<p><span class=\"wpcf7-form-control-wrap\" data-name=\"names\"><input size=\"40\" maxlength=\"400\" class=\"wpcf7-form-control wpcf7-text wpcf7-validates-as-required form-control\" aria-required=\"true\" aria-invalid=\"false\" placeholder=\"Nombre\" value=\"\" type=\"text\" name=\"names\" \/><\/span>\n\t\t\t\t<\/p>\n\t\t\t<\/div>\n\t\t<\/div>\n\t\t<div class=\"col-lg-6\">\n\t\t\t<div class=\"form-group mrb-25\">\n\t\t\t\t<p><span class=\"wpcf7-form-control-wrap\" data-name=\"city\"><input size=\"40\" maxlength=\"400\" class=\"wpcf7-form-control wpcf7-text wpcf7-validates-as-required form-control\" aria-required=\"true\" aria-invalid=\"false\" placeholder=\"Ciudad\" value=\"\" type=\"text\" name=\"city\" \/><\/span>\n\t\t\t\t<\/p>\n\t\t\t<\/div>\n\t\t<\/div>\n\t\t<div class=\"col-lg-6\">\n\t\t\t<div class=\"form-group mrb-25\">\n\t\t\t\t<p><span class=\"wpcf7-form-control-wrap\" data-name=\"email\"><input size=\"40\" maxlength=\"400\" class=\"wpcf7-form-control wpcf7-email wpcf7-validates-as-required wpcf7-text wpcf7-validates-as-email form-control\" aria-required=\"true\" aria-invalid=\"false\" placeholder=\"Email\" value=\"\" type=\"email\" name=\"email\" \/><\/span>\n\t\t\t\t<\/p>\n\t\t\t<\/div>\n\t\t<\/div>\n\t\t<div class=\"col-lg-6\">\n\t\t\t<div class=\"form-group mrb-25\">\n\t\t\t\t<p><span class=\"wpcf7-form-control-wrap\" data-name=\"phone\"><input size=\"40\" maxlength=\"400\" class=\"wpcf7-form-control wpcf7-text wpcf7-validates-as-required form-control\" aria-required=\"true\" aria-invalid=\"false\" placeholder=\"Tel\u00e9fono\" value=\"\" type=\"text\" name=\"phone\" \/><\/span>\n\t\t\t\t<\/p>\n\t\t\t<\/div>\n\t\t<\/div>\n\t\t<div class=\"col-lg-12\">\n\t\t\t<div class=\"form-group mrb-25\">\n\t\t\t\t<p><span class=\"wpcf7-form-control-wrap\" data-name=\"message\"><textarea cols=\"40\" rows=\"4\" maxlength=\"2000\" class=\"wpcf7-form-control wpcf7-textarea wpcf7-validates-as-required form-control\" aria-required=\"true\" aria-invalid=\"false\" placeholder=\"\u00bfC\u00f3mo podemos ayudarte? ...\" name=\"message\"><\/textarea><\/span>\n\t\t\t\t<\/p>\n\t\t\t<\/div>\n\t\t<\/div>\n\t\t<div class=\"col-lg-8\">\n\t\t\t<div class=\"form-group\">\n\t\t\t\t<p><input class=\"wpcf7-form-control wpcf7-submit has-spinner cs-btn-one btn-md btn-round btn-primary-color element-shadow\" type=\"submit\" value=\"Env\u00edar\" \/>\n\t\t\t\t<\/p>\n\t\t\t<\/div>\n\t\t<\/div>\n\t<\/div>\n<\/div><div class=\"wpcf7-response-output\" aria-hidden=\"true\"><\/div>\n<\/form>\n<\/div>\n\t\t\t\t\t\t<\/div>\r\n\t\t\t\t\t<\/div>\r\n\t\t\t\t<\/div>\r\n\t\t\t<\/div>\r\n\t\t<\/section>\r\n\t\t\t\t\t<\/div>\n\t\t\t\t<\/div>\n\t\t\t\t\t<\/div>\n\t\t<\/div>\n\t\t\t\t\t<\/div>\n\t\t<\/section>\n\t\t\t\t<section class=\"elementor-section elementor-top-section elementor-element elementor-element-2f640fd elementor-section-full_width elementor-section-height-default elementor-section-height-default\" data-id=\"2f640fd\" data-element_type=\"section\" data-e-type=\"section\">\n\t\t\t\t\t\t<div class=\"elementor-container elementor-column-gap-default\">\n\t\t\t\t\t<div class=\"elementor-column elementor-col-100 elementor-top-column elementor-element elementor-element-8d4c123\" data-id=\"8d4c123\" data-element_type=\"column\" data-e-type=\"column\">\n\t\t\t<div class=\"elementor-widget-wrap elementor-element-populated\">\n\t\t\t\t\t\t<div class=\"elementor-element elementor-element-0c573df elementor-align-left elementor-widget elementor-widget-bdevs-map\" data-id=\"0c573df\" data-element_type=\"widget\" data-e-type=\"widget\" data-widget_type=\"bdevs-map.default\">\n\t\t\t\t<div class=\"elementor-widget-container\">\n\t\t\t\t\t\t\t<div class=\"contact-section\">\r\n\t\t\t<div class=\"container-fluid\">\r\n\t\t\t\t<div class=\"row\">\r\n\t\t\t\t\t<div class=\"col-lg-12 p-0\">\r\n\t\t\t\t\t\t<!-- Google Map Start -->\r\n\t\t\t\t\t\t<div class=\"mapouter fixed-height\">\r\n\t\t\t\t\t\t\t<div class=\"gmap_canvas\">\r\n\t\t\t\t\t\t\t\t<iframe id=\"gmap_canvas\" src=\"https:\/\/www.google.com\/maps\/embed?pb=!1m18!1m12!1m3!1d1979.4843262277166!2d-73.11656765260007!3d7.129622709417655!2m3!1f0!2f0!3f0!3m2!1i1024!2i768!4f13.1!3m3!1m2!1s0x8e68156640ad53eb%3A0xe918b9209ccca3b4!2sASS%20LTDA!5e0!3m2!1ses!2sco!4v1640896520040!5m2!1ses!2sco\" width=\"100%\" height=\"480\"><\/iframe>\r\n\t\t\t\t\t\t\t<\/div>\r\n\t\t\t\t\t\t<\/div>\r\n\t\t\t\t\t\t<!-- Google Map End -->\r\n\t\t\t\t\t<\/div>\r\n\t\t\t\t<\/div>\r\n\t\t\t<\/div>\r\n\t\t<\/div>\r\n\t\t\t\t\t<\/div>\n\t\t\t\t<\/div>\n\t\t\t\t\t<\/div>\n\t\t<\/div>\n\t\t\t\t\t<\/div>\n\t\t<\/section>\n\t\t\t\t<\/div>\n\t\t","protected":false},"excerpt":{"rendered":"<p>Cont\u00e1ctanos Inicio Cont\u00e1ctanos Tel\u00e9fonos 6076832420 +573168740433 +573183727375 Email Info@aseguridad.co Oficina principal Cra 32 No 20 &#8211; 79, Bucaramanga, Comun\u00edcate con nosotros A.S.S LTDA Para todo tipo de preguntas, comentarios e inquietudes; por favor comun\u00edcate a nuestras l\u00edneas de contacto o completa el formulario a continuaci\u00f3n y con gusto te responderemos, gracias.<\/p>\n","protected":false},"author":3,"featured_media":0,"parent":0,"menu_order":0,"comment_status":"closed","ping_status":"closed","template":"page-templates\/header-style-1.php","meta":{"_joinchat":[],"footnotes":""},"class_list":["post-1406","page","type-page","status-publish","hentry"],"yoast_head":"<!-- This site is optimized with the Yoast SEO plugin v27.3 - https:\/\/yoast.com\/product\/yoast-seo-wordpress\/ -->\n<title>Contact - ASS Ltda<\/title>\n<meta name=\"description\" content=\"Contact ASS, in this section you will find the ways to contact the company, we are attentive to any questions.\" \/>\n<meta name=\"robots\" content=\"index, follow, max-snippet:-1, max-image-preview:large, max-video-preview:-1\" \/>\n<link rel=\"canonical\" href=\"https:\/\/www.aseguridad.co\/en\/contact\/\" \/>\n<meta property=\"og:locale\" content=\"en_US\" \/>\n<meta property=\"og:type\" content=\"article\" \/>\n<meta property=\"og:title\" content=\"Contact - ASS Ltda\" \/>\n<meta property=\"og:description\" content=\"Contact ASS, in this section you will find the ways to contact the company, we are attentive to any questions.\" \/>\n<meta property=\"og:url\" content=\"https:\/\/www.aseguridad.co\/en\/contact\/\" \/>\n<meta property=\"og:site_name\" content=\"ASS Ltda\" \/>\n<meta property=\"article:modified_time\" content=\"2022-03-08T13:45:38+00:00\" \/>\n<meta name=\"twitter:card\" content=\"summary_large_image\" \/>\n<meta name=\"twitter:label1\" content=\"Est. reading time\" \/>\n\t<meta name=\"twitter:data1\" content=\"1 minute\" \/>\n<script type=\"application\/ld+json\" class=\"yoast-schema-graph\">{\"@context\":\"https:\\\/\\\/schema.org\",\"@graph\":[{\"@type\":\"WebPage\",\"@id\":\"https:\\\/\\\/www.aseguridad.co\\\/en\\\/contact\\\/\",\"url\":\"https:\\\/\\\/www.aseguridad.co\\\/en\\\/contact\\\/\",\"name\":\"Contact - ASS Ltda\",\"isPartOf\":{\"@id\":\"https:\\\/\\\/www.aseguridad.co\\\/en\\\/#website\"},\"datePublished\":\"2022-01-11T14:43:40+00:00\",\"dateModified\":\"2022-03-08T13:45:38+00:00\",\"description\":\"Contact ASS, in this section you will find the ways to contact the company, we are attentive to any questions.\",\"inLanguage\":\"en-US\",\"potentialAction\":[{\"@type\":\"ReadAction\",\"target\":[\"https:\\\/\\\/www.aseguridad.co\\\/en\\\/contact\\\/\"]}]},{\"@type\":\"WebSite\",\"@id\":\"https:\\\/\\\/www.aseguridad.co\\\/en\\\/#website\",\"url\":\"https:\\\/\\\/www.aseguridad.co\\\/en\\\/\",\"name\":\"ASS Ltda\",\"description\":\"Ambiente - Salud - Seguridad\",\"publisher\":{\"@id\":\"https:\\\/\\\/www.aseguridad.co\\\/en\\\/#organization\"},\"potentialAction\":[{\"@type\":\"SearchAction\",\"target\":{\"@type\":\"EntryPoint\",\"urlTemplate\":\"https:\\\/\\\/www.aseguridad.co\\\/en\\\/?s={search_term_string}\"},\"query-input\":{\"@type\":\"PropertyValueSpecification\",\"valueRequired\":true,\"valueName\":\"search_term_string\"}}],\"inLanguage\":\"en-US\"},{\"@type\":\"Organization\",\"@id\":\"https:\\\/\\\/www.aseguridad.co\\\/en\\\/#organization\",\"name\":\"ASS Ltda\",\"url\":\"https:\\\/\\\/www.aseguridad.co\\\/en\\\/\",\"logo\":{\"@type\":\"ImageObject\",\"inLanguage\":\"en-US\",\"@id\":\"https:\\\/\\\/www.aseguridad.co\\\/en\\\/#\\\/schema\\\/logo\\\/image\\\/\",\"url\":\"http:\\\/\\\/www.aseguridad.co\\\/wp-content\\\/uploads\\\/2021\\\/12\\\/Logo-ASS.png\",\"contentUrl\":\"http:\\\/\\\/www.aseguridad.co\\\/wp-content\\\/uploads\\\/2021\\\/12\\\/Logo-ASS.png\",\"width\":213,\"height\":200,\"caption\":\"ASS Ltda\"},\"image\":{\"@id\":\"https:\\\/\\\/www.aseguridad.co\\\/en\\\/#\\\/schema\\\/logo\\\/image\\\/\"}}]}<\/script>\n<!-- \/ Yoast SEO plugin. -->","yoast_head_json":{"title":"Contact - ASS Ltda","description":"Contact ASS, in this section you will find the ways to contact the company, we are attentive to any questions.","robots":{"index":"index","follow":"follow","max-snippet":"max-snippet:-1","max-image-preview":"max-image-preview:large","max-video-preview":"max-video-preview:-1"},"canonical":"https:\/\/www.aseguridad.co\/en\/contact\/","og_locale":"en_US","og_type":"article","og_title":"Contact - ASS Ltda","og_description":"Contact ASS, in this section you will find the ways to contact the company, we are attentive to any questions.","og_url":"https:\/\/www.aseguridad.co\/en\/contact\/","og_site_name":"ASS Ltda","article_modified_time":"2022-03-08T13:45:38+00:00","twitter_card":"summary_large_image","twitter_misc":{"Est. reading time":"1 minute"},"schema":{"@context":"https:\/\/schema.org","@graph":[{"@type":"WebPage","@id":"https:\/\/www.aseguridad.co\/en\/contact\/","url":"https:\/\/www.aseguridad.co\/en\/contact\/","name":"Contact - ASS Ltda","isPartOf":{"@id":"https:\/\/www.aseguridad.co\/en\/#website"},"datePublished":"2022-01-11T14:43:40+00:00","dateModified":"2022-03-08T13:45:38+00:00","description":"Contact ASS, in this section you will find the ways to contact the company, we are attentive to any questions.","inLanguage":"en-US","potentialAction":[{"@type":"ReadAction","target":["https:\/\/www.aseguridad.co\/en\/contact\/"]}]},{"@type":"WebSite","@id":"https:\/\/www.aseguridad.co\/en\/#website","url":"https:\/\/www.aseguridad.co\/en\/","name":"ASS Ltda","description":"Ambiente - Salud - Seguridad","publisher":{"@id":"https:\/\/www.aseguridad.co\/en\/#organization"},"potentialAction":[{"@type":"SearchAction","target":{"@type":"EntryPoint","urlTemplate":"https:\/\/www.aseguridad.co\/en\/?s={search_term_string}"},"query-input":{"@type":"PropertyValueSpecification","valueRequired":true,"valueName":"search_term_string"}}],"inLanguage":"en-US"},{"@type":"Organization","@id":"https:\/\/www.aseguridad.co\/en\/#organization","name":"ASS Ltda","url":"https:\/\/www.aseguridad.co\/en\/","logo":{"@type":"ImageObject","inLanguage":"en-US","@id":"https:\/\/www.aseguridad.co\/en\/#\/schema\/logo\/image\/","url":"http:\/\/www.aseguridad.co\/wp-content\/uploads\/2021\/12\/Logo-ASS.png","contentUrl":"http:\/\/www.aseguridad.co\/wp-content\/uploads\/2021\/12\/Logo-ASS.png","width":213,"height":200,"caption":"ASS Ltda"},"image":{"@id":"https:\/\/www.aseguridad.co\/en\/#\/schema\/logo\/image\/"}}]}},"_links":{"self":[{"href":"https:\/\/www.aseguridad.co\/en\/wp-json\/wp\/v2\/pages\/1406","targetHints":{"allow":["GET"]}}],"collection":[{"href":"https:\/\/www.aseguridad.co\/en\/wp-json\/wp\/v2\/pages"}],"about":[{"href":"https:\/\/www.aseguridad.co\/en\/wp-json\/wp\/v2\/types\/page"}],"author":[{"embeddable":true,"href":"https:\/\/www.aseguridad.co\/en\/wp-json\/wp\/v2\/users\/3"}],"replies":[{"embeddable":true,"href":"https:\/\/www.aseguridad.co\/en\/wp-json\/wp\/v2\/comments?post=1406"}],"version-history":[{"count":13,"href":"https:\/\/www.aseguridad.co\/en\/wp-json\/wp\/v2\/pages\/1406\/revisions"}],"predecessor-version":[{"id":1942,"href":"https:\/\/www.aseguridad.co\/en\/wp-json\/wp\/v2\/pages\/1406\/revisions\/1942"}],"wp:attachment":[{"href":"https:\/\/www.aseguridad.co\/en\/wp-json\/wp\/v2\/media?parent=1406"}],"curies":[{"name":"wp","href":"https:\/\/api.w.org\/{rel}","templated":true}]}}