{"id":1415,"date":"2022-01-11T09:49:23","date_gmt":"2022-01-11T14:49:23","guid":{"rendered":"http:\/\/new.tiendahercules.com.co\/about-us\/"},"modified":"2022-01-20T09:15:48","modified_gmt":"2022-01-20T14:15:48","slug":"about-us","status":"publish","type":"page","link":"https:\/\/www.aseguridad.co\/en\/about-us\/","title":{"rendered":"About us"},"content":{"rendered":"\t\t<div data-elementor-type=\"wp-post\" data-elementor-id=\"1415\" class=\"elementor elementor-1415 elementor-44\">\n\t\t\t\t\t\t<section class=\"elementor-section elementor-top-section elementor-element elementor-element-734aac2 elementor-section-full_width elementor-section-height-default elementor-section-height-default\" data-id=\"734aac2\" data-element_type=\"section\" data-e-type=\"section\">\n\t\t\t\t\t\t<div class=\"elementor-container elementor-column-gap-default\">\n\t\t\t\t\t<div class=\"elementor-column elementor-col-100 elementor-top-column elementor-element elementor-element-160752d\" data-id=\"160752d\" data-element_type=\"column\" data-e-type=\"column\">\n\t\t\t<div class=\"elementor-widget-wrap elementor-element-populated\">\n\t\t\t\t\t\t<div class=\"elementor-element elementor-element-b02be81 elementor-align-left elementor-widget elementor-widget-bdevs-banner\" data-id=\"b02be81\" data-element_type=\"widget\" data-e-type=\"widget\" data-widget_type=\"bdevs-banner.default\">\n\t\t\t\t<div class=\"elementor-widget-container\">\n\t\t\t\t\t\t\t<!-- Page Title Start -->\r\n\t\t<section class=\"page-title-section\" style=\"background-image: url(https:\/\/www.aseguridad.co\/wp-content\/uploads\/2020\/10\/page-title-bg.jpg);\">\r\n\t\t\t<div class=\"container\">\r\n\t\t\t\t<div class=\"row\">\r\n\t\t\t\t\t<div class=\"col-xl-12 text-center\">\r\n\t\t\t\t\t\t<div class=\"page-title-content\">\r\n\t\t\t\t\t\t\t<h3 class=\"title text-white\">Nosotros<\/h3>\r\n\t\t\t\t\t\t\t<nav aria-label=\"breadcrumb\">\r\n\t\t\t\t\t\t\t\t<ol class=\"breadcrumb\">\r\n\t\t\t\t\t\t\t\t\t<li class=\"breadcrumb-item\"><a href=\"https:\/\/www.aseguridad.co\/en\/\">Inicio<\/a><\/li>\r\n\t\t\t\t\t\t\t\t\t<li class=\"breadcrumb-item active\" aria-current=\"page\">Nosotros<\/li>\r\n\t\t\t\t\t\t\t\t<\/ol>\r\n\t\t\t\t\t\t\t<\/nav>\r\n\t\t\t\t\t\t<\/div>\r\n\t\t\t\t\t<\/div>\r\n\t\t\t\t<\/div>\r\n\t\t\t<\/div>\r\n\t\t<\/section>\r\n\t\t<!-- Page Title End -->\r\n\t\t\t\t\t<\/div>\n\t\t\t\t<\/div>\n\t\t\t\t\t<\/div>\n\t\t<\/div>\n\t\t\t\t\t<\/div>\n\t\t<\/section>\n\t\t\t\t<section class=\"elementor-section elementor-top-section elementor-element elementor-element-6e940ee elementor-section-boxed elementor-section-height-default elementor-section-height-default\" data-id=\"6e940ee\" data-element_type=\"section\" data-e-type=\"section\">\n\t\t\t\t\t\t<div class=\"elementor-container elementor-column-gap-default\">\n\t\t\t\t\t<div class=\"elementor-column elementor-col-100 elementor-top-column elementor-element elementor-element-f30714b\" data-id=\"f30714b\" data-element_type=\"column\" data-e-type=\"column\">\n\t\t\t<div class=\"elementor-widget-wrap elementor-element-populated\">\n\t\t\t\t\t\t<div class=\"elementor-element elementor-element-e6a65f0 elementor-align-left elementor-widget elementor-widget-bdevs-skill\" data-id=\"e6a65f0\" data-element_type=\"widget\" data-e-type=\"widget\" data-widget_type=\"bdevs-skill.default\">\n\t\t\t\t<div class=\"elementor-widget-container\">\n\t\t\t\t\t\t\t\t\t<section class=\"pdt-0 pdb-210 bg-pos-center-bottom\" style=\"background-color: #FFF\">\r\n\t\t<div class=\"section-content\">\r\n\t\t\t<div class=\"container\">\r\n\t\t\t\t<div class=\"row align-items-center pdt-80\">\r\n\t\t\t\t\t<div class=\"col-md-12 col-xl-6\">\r\n\t\t\t\t\t\t\t\t\t\t\t\t<h5 class=\"mrb-15 text-primary-color sub-title-side-line\">Equipo especializado<\/h5>\r\n\t\t\t\t\t\t\t\t\t\t\t\t<h2 class=\"mrb-30\">Profesionales y especialistas en cumplir con los retos de cada proyecto<\/h2>\r\n\t\t\t\t\t\t\t\t\t\t\t\t<p class=\"mrb-30\">Contamos con profesionales comprometidos con los retos y expectativas de nuestros clientes;  especializados en Seguridad y Salud en el Trabajo, Medio Ambiente, Emergencias y Desastres; entrenadores en tareas de alto riesgo e instructores en el \u00e1rea de emergencias y desastres que son miembros activos de Organismos de Socorro<\/p>\r\n\t\t\t\t\t\t\t\t\t\t\t\t<div class=\"skills mrb-lg-60\">\r\n\t\t\t\t\t\t\t\t\t\t\t\t\t\t\t\t\t\t\t\t\t\t\t\t\t\t\t\t<div class=\"skill-item\">\r\n\t\t\t\t\t\t\t\t<div class=\"skill-header\">\r\n\t\t\t\t\t\t\t\t\t<h6 class=\"skill-title\"><\/h6>\r\n\t\t\t\t\t\t\t\t\t<div class=\"skill-percentage\">\r\n\t\t\t\t\t\t\t\t\t\t<div class=\"count-box\"><span class=\"count-text\" data-speed=\"2000\" data-stop=\"\">0<\/span>%<\/div>\r\n\t\t\t\t\t\t\t\t\t<\/div>\r\n\t\t\t\t\t\t\t\t<\/div>\r\n\t\t\t\t\t\t\t\t<div class=\"skill-bar\">\r\n\t\t\t\t\t\t\t\t\t<div class=\"bar-inner\">\r\n\t\t\t\t\t\t\t\t\t\t<div class=\"bar progress-line\" data-width=\"\"><\/div>\r\n\t\t\t\t\t\t\t\t\t<\/div>\r\n\t\t\t\t\t\t\t\t<\/div>\r\n\t\t\t\t\t\t\t<\/div>\r\n\t\t\t\t\t\t\t\t\t\t\t\t\t<\/div>\r\n\t\t\t\t\t<\/div>\r\n\t\t\t\t\t<div class=\"col-md-12 col-xl-6\">\r\n\t\t\t\t\t\t<div class=\"about-image-block\">\r\n\t\t\t\t\t\t\t<img decoding=\"async\" class=\"img-full\" src=\"https:\/\/www.aseguridad.co\/wp-content\/uploads\/2022\/01\/group-of-industrial-people-standing-at-industrial-2021-09-24-20-29-08-utc-scaled.jpg\" alt=\"\">\r\n\t\t\t\t\t\t\t\t\t\t\t\t\t\t<div class=\"call-us-now\">\r\n\t\t\t\t\t\t\t\t<p class=\"call-us-title mrb-5 text-white\">Ll\u00e1manos<\/p>\r\n\t\t\t\t\t\t\t\t<h3 class=\"number mrt-0 text-white\">+57 60 7 6832420<\/h3>\r\n\t\t\t\t\t\t\t<\/div>\r\n\t\t\t\t\t\t\t\t\t\t\t\t\t<\/div>\r\n\t\t\t\t\t<\/div>\r\n\t\t\t\t<\/div>\r\n\t\t\t<\/div>\r\n\t\t<\/div>\r\n\t<\/section>\r\n\t\t\t\t\t\t<\/div>\n\t\t\t\t<\/div>\n\t\t\t\t\t<\/div>\n\t\t<\/div>\n\t\t\t\t\t<\/div>\n\t\t<\/section>\n\t\t\t\t<section class=\"elementor-section elementor-top-section elementor-element elementor-element-cef10ad elementor-section-boxed elementor-section-height-default elementor-section-height-default\" data-id=\"cef10ad\" data-element_type=\"section\" data-e-type=\"section\">\n\t\t\t\t\t\t<div class=\"elementor-container elementor-column-gap-default\">\n\t\t\t\t\t<div class=\"elementor-column elementor-col-100 elementor-top-column elementor-element elementor-element-37fe1e7\" data-id=\"37fe1e7\" data-element_type=\"column\" data-e-type=\"column\">\n\t\t\t<div class=\"elementor-widget-wrap elementor-element-populated\">\n\t\t\t\t\t\t<div class=\"elementor-element elementor-element-b32d7ed elementor-align-left elementor-widget elementor-widget-bdevs-about\" data-id=\"b32d7ed\" data-element_type=\"widget\" data-e-type=\"widget\" data-widget_type=\"bdevs-about.default\">\n\t\t\t\t<div class=\"elementor-widget-container\">\n\t\t\t\t\t\t\t\t\t<!-- About Section Start -->\r\n\t\t<section class=\"about-section anim-object pdt-110 pdb-50 pdb-lg-80\" style=\"background-color: #FFF\">\r\n\t\t\t<div class=\"container\">\r\n\t\t\t\t<div class=\"row align-items-center\">\r\n\t\t\t\t\t<div class=\"col-md-12 col-xl-6\">\r\n\t\t\t\t\t\t<div class=\"about-image-block mrb-lg-60\">\r\n\t\t\t\t\t\t\t<img decoding=\"async\" class=\"img-full\" src=\"https:\/\/www.aseguridad.co\/wp-content\/uploads\/2022\/01\/Imagen1.jpg\" alt=\"\">\r\n\t\t\t\t\t\t<\/div>\r\n\t\t\t\t\t<\/div>\r\n\t\t\t\t\t<div class=\"col-md-12 col-xl-6\">\r\n\t\t\t\t\t\t<h2 class=\"title-under-line mrb-70\">1998 - Tenemos 23 a\u00f1os\n<span class=\"f-weight-400\">haciendo del mundo un ligar m\u00e1s seguro<\/span><\/h2>\r\n\t\t\t\t\t\t\t\t\t\t\t\t<h5 class=\"mrb-30 text-primary-color\">Queremos inspirar a las personas en el reto de construir un mundo m\u00e1s seguro, habitable y sostebible<\/h5>\r\n\t\t\t\t\t\t\t\t\t\t\t\t<p class=\"mrb-40\">Nuestra vocaci\u00f3n y prop\u00f3sito est\u00e1 dirigido a consultar empresas en \u00e1reas sensibles y de alto impacto, como lo son la Seguridad y Salud en el Trabajo, la gesti\u00f3n de Riesgos de incidentes y desastres y la Gesti\u00f3n ambiental.<\/p>\t\t\t\t\t\t\t\t\t\t\t\t<div class=\"signature mrb-30\"><img decoding=\"async\" src=\"https:\/\/www.aseguridad.co\/wp-content\/uploads\/2020\/10\/signature.png\" alt=\"\"><\/div>\r\n\t\t\t\t\t\t\t\t\t\t\t\t\t\t\t\t\t\t<a href=\"\" class=\"cs-btn-one btn-gradient-color btn-lg\"><\/a>\r\n\t\t\t\t\t\t\t\t\t\t\t<\/div>\r\n\t\t\t\t<\/div>\r\n\t\t\t\t\t\t\t\t<div class=\"row mrt-100 mrt-lg-90\">\r\n\t\t\t\t\t\t\t\t\t\t\t\t\t\t\t\t\t\t\t\t<div class=\"col-md-6 col-lg-6 col-xl-3\">\r\n\t\t\t\t\t\t<div class=\"funfact mrb-lg-30 mrb-60\">\r\n\t\t\t\t\t\t\t<div class=\"icon\">\r\n\t\t\t\t\t\t\t\t<span class=\"webexflaticon flaticon-man-2\"><\/span>\r\n\t\t\t\t\t\t\t<\/div>\r\n\t\t\t\t\t\t\t<h2 class=\"counter\">1450<\/h2>\r\n\t\t\t\t\t\t\t<h5 class=\"title\">Horas de formaci\u00f3n<\/h5>\r\n\t\t\t\t\t\t<\/div>\r\n\t\t\t\t\t<\/div>\r\n\t\t\t\t\t\t\t\t\t\t\t\t\t\t\t\t\t\t\t\t<div class=\"col-md-6 col-lg-6 col-xl-3\">\r\n\t\t\t\t\t\t<div class=\"funfact mrb-lg-30 mrb-60\">\r\n\t\t\t\t\t\t\t<div class=\"icon\">\r\n\t\t\t\t\t\t\t\t<span class=\"webexflaticon flaticon-like-3\"><\/span>\r\n\t\t\t\t\t\t\t<\/div>\r\n\t\t\t\t\t\t\t<h2 class=\"counter\">521<\/h2>\r\n\t\t\t\t\t\t\t<h5 class=\"title\">Personas formadas<\/h5>\r\n\t\t\t\t\t\t<\/div>\r\n\t\t\t\t\t<\/div>\r\n\t\t\t\t\t\t\t\t\t\t\t\t\t\t\t\t\t\t\t\t<div class=\"col-md-6 col-lg-6 col-xl-3\">\r\n\t\t\t\t\t\t<div class=\"funfact mrb-lg-30 mrb-60\">\r\n\t\t\t\t\t\t\t<div class=\"icon\">\r\n\t\t\t\t\t\t\t\t<span class=\"webexflaticon flaticon-trophy-1\"><\/span>\r\n\t\t\t\t\t\t\t<\/div>\r\n\t\t\t\t\t\t\t<h2 class=\"counter\">247<\/h2>\r\n\t\t\t\t\t\t\t<h5 class=\"title\">Certificaciones entregadas<\/h5>\r\n\t\t\t\t\t\t<\/div>\r\n\t\t\t\t\t<\/div>\r\n\t\t\t\t\t\t\t\t\t\t\t\t\t\t\t\t\t\t\t\t<div class=\"col-md-6 col-lg-6 col-xl-3\">\r\n\t\t\t\t\t\t<div class=\"funfact mrb-lg-30 mrb-60\">\r\n\t\t\t\t\t\t\t<div class=\"icon\">\r\n\t\t\t\t\t\t\t\t<span class=\"webexflaticon flaticon-briefcase-1\"><\/span>\r\n\t\t\t\t\t\t\t<\/div>\r\n\t\t\t\t\t\t\t<h2 class=\"counter\">32<\/h2>\r\n\t\t\t\t\t\t\t<h5 class=\"title\">Empresas atendidas<\/h5>\r\n\t\t\t\t\t\t<\/div>\r\n\t\t\t\t\t<\/div>\r\n\t\t\t\t\t\t\t\t\t<\/div>\r\n\t\t\t\t\t\t\t<\/div>\r\n\t\t<\/section>\r\n\t\t<!-- About Section End -->\r\n\t\t\t\t\t\t\t<\/div>\n\t\t\t\t<\/div>\n\t\t\t\t\t<\/div>\n\t\t<\/div>\n\t\t\t\t\t<\/div>\n\t\t<\/section>\n\t\t\t\t<\/div>\n\t\t","protected":false},"excerpt":{"rendered":"<p>Nosotros Inicio Nosotros Equipo especializado Profesionales y especialistas en cumplir con los retos de cada proyecto Contamos con profesionales comprometidos con los retos y expectativas de nuestros clientes; especializados en Seguridad y Salud en el Trabajo, Medio Ambiente, Emergencias y Desastres; entrenadores en tareas de alto riesgo e instructores en el \u00e1rea de emergencias y [&hellip;]<\/p>\n","protected":false},"author":3,"featured_media":0,"parent":0,"menu_order":0,"comment_status":"closed","ping_status":"closed","template":"page-templates\/header-style-1.php","meta":{"_joinchat":[],"footnotes":""},"class_list":["post-1415","page","type-page","status-publish","hentry"],"yoast_head":"<!-- This site is optimized with the Yoast SEO plugin v27.3 - https:\/\/yoast.com\/product\/yoast-seo-wordpress\/ -->\n<title>About us - ASS Ltda<\/title>\n<meta name=\"description\" content=\"We at ASS are an integral consulting company, specialized in specific areas of work, with certified personnel.\" \/>\n<meta name=\"robots\" content=\"index, follow, max-snippet:-1, max-image-preview:large, max-video-preview:-1\" \/>\n<link rel=\"canonical\" href=\"https:\/\/www.aseguridad.co\/en\/about-us\/\" \/>\n<meta property=\"og:locale\" content=\"en_US\" \/>\n<meta property=\"og:type\" content=\"article\" \/>\n<meta property=\"og:title\" content=\"About us - ASS Ltda\" \/>\n<meta property=\"og:description\" content=\"We at ASS are an integral consulting company, specialized in specific areas of work, with certified personnel.\" \/>\n<meta property=\"og:url\" content=\"https:\/\/www.aseguridad.co\/en\/about-us\/\" \/>\n<meta property=\"og:site_name\" content=\"ASS Ltda\" \/>\n<meta property=\"article:modified_time\" content=\"2022-01-20T14:15:48+00:00\" \/>\n<meta property=\"og:image\" content=\"http:\/\/www.aseguridad.co\/wp-content\/uploads\/2022\/01\/group-of-industrial-people-standing-at-industrial-2021-09-24-20-29-08-utc-scaled.jpg\" \/>\n<meta name=\"twitter:card\" content=\"summary_large_image\" \/>\n<meta name=\"twitter:label1\" content=\"Est. reading time\" \/>\n\t<meta name=\"twitter:data1\" content=\"2 minutes\" \/>\n<script type=\"application\/ld+json\" class=\"yoast-schema-graph\">{\"@context\":\"https:\\\/\\\/schema.org\",\"@graph\":[{\"@type\":\"WebPage\",\"@id\":\"https:\\\/\\\/www.aseguridad.co\\\/en\\\/about-us\\\/\",\"url\":\"https:\\\/\\\/www.aseguridad.co\\\/en\\\/about-us\\\/\",\"name\":\"About us - ASS Ltda\",\"isPartOf\":{\"@id\":\"https:\\\/\\\/www.aseguridad.co\\\/en\\\/#website\"},\"primaryImageOfPage\":{\"@id\":\"https:\\\/\\\/www.aseguridad.co\\\/en\\\/about-us\\\/#primaryimage\"},\"image\":{\"@id\":\"https:\\\/\\\/www.aseguridad.co\\\/en\\\/about-us\\\/#primaryimage\"},\"thumbnailUrl\":\"http:\\\/\\\/www.aseguridad.co\\\/wp-content\\\/uploads\\\/2022\\\/01\\\/group-of-industrial-people-standing-at-industrial-2021-09-24-20-29-08-utc-scaled.jpg\",\"datePublished\":\"2022-01-11T14:49:23+00:00\",\"dateModified\":\"2022-01-20T14:15:48+00:00\",\"description\":\"We at ASS are an integral consulting company, specialized in specific areas of work, with certified personnel.\",\"inLanguage\":\"en-US\",\"potentialAction\":[{\"@type\":\"ReadAction\",\"target\":[\"https:\\\/\\\/www.aseguridad.co\\\/en\\\/about-us\\\/\"]}]},{\"@type\":\"ImageObject\",\"inLanguage\":\"en-US\",\"@id\":\"https:\\\/\\\/www.aseguridad.co\\\/en\\\/about-us\\\/#primaryimage\",\"url\":\"http:\\\/\\\/www.aseguridad.co\\\/wp-content\\\/uploads\\\/2022\\\/01\\\/group-of-industrial-people-standing-at-industrial-2021-09-24-20-29-08-utc-scaled.jpg\",\"contentUrl\":\"http:\\\/\\\/www.aseguridad.co\\\/wp-content\\\/uploads\\\/2022\\\/01\\\/group-of-industrial-people-standing-at-industrial-2021-09-24-20-29-08-utc-scaled.jpg\"},{\"@type\":\"WebSite\",\"@id\":\"https:\\\/\\\/www.aseguridad.co\\\/en\\\/#website\",\"url\":\"https:\\\/\\\/www.aseguridad.co\\\/en\\\/\",\"name\":\"ASS Ltda\",\"description\":\"Ambiente - Salud - Seguridad\",\"publisher\":{\"@id\":\"https:\\\/\\\/www.aseguridad.co\\\/en\\\/#organization\"},\"potentialAction\":[{\"@type\":\"SearchAction\",\"target\":{\"@type\":\"EntryPoint\",\"urlTemplate\":\"https:\\\/\\\/www.aseguridad.co\\\/en\\\/?s={search_term_string}\"},\"query-input\":{\"@type\":\"PropertyValueSpecification\",\"valueRequired\":true,\"valueName\":\"search_term_string\"}}],\"inLanguage\":\"en-US\"},{\"@type\":\"Organization\",\"@id\":\"https:\\\/\\\/www.aseguridad.co\\\/en\\\/#organization\",\"name\":\"ASS Ltda\",\"url\":\"https:\\\/\\\/www.aseguridad.co\\\/en\\\/\",\"logo\":{\"@type\":\"ImageObject\",\"inLanguage\":\"en-US\",\"@id\":\"https:\\\/\\\/www.aseguridad.co\\\/en\\\/#\\\/schema\\\/logo\\\/image\\\/\",\"url\":\"http:\\\/\\\/www.aseguridad.co\\\/wp-content\\\/uploads\\\/2021\\\/12\\\/Logo-ASS.png\",\"contentUrl\":\"http:\\\/\\\/www.aseguridad.co\\\/wp-content\\\/uploads\\\/2021\\\/12\\\/Logo-ASS.png\",\"width\":213,\"height\":200,\"caption\":\"ASS Ltda\"},\"image\":{\"@id\":\"https:\\\/\\\/www.aseguridad.co\\\/en\\\/#\\\/schema\\\/logo\\\/image\\\/\"}}]}<\/script>\n<!-- \/ Yoast SEO plugin. -->","yoast_head_json":{"title":"About us - ASS Ltda","description":"We at ASS are an integral consulting company, specialized in specific areas of work, with certified personnel.","robots":{"index":"index","follow":"follow","max-snippet":"max-snippet:-1","max-image-preview":"max-image-preview:large","max-video-preview":"max-video-preview:-1"},"canonical":"https:\/\/www.aseguridad.co\/en\/about-us\/","og_locale":"en_US","og_type":"article","og_title":"About us - ASS Ltda","og_description":"We at ASS are an integral consulting company, specialized in specific areas of work, with certified personnel.","og_url":"https:\/\/www.aseguridad.co\/en\/about-us\/","og_site_name":"ASS Ltda","article_modified_time":"2022-01-20T14:15:48+00:00","og_image":[{"url":"http:\/\/www.aseguridad.co\/wp-content\/uploads\/2022\/01\/group-of-industrial-people-standing-at-industrial-2021-09-24-20-29-08-utc-scaled.jpg","type":"","width":"","height":""}],"twitter_card":"summary_large_image","twitter_misc":{"Est. reading time":"2 minutes"},"schema":{"@context":"https:\/\/schema.org","@graph":[{"@type":"WebPage","@id":"https:\/\/www.aseguridad.co\/en\/about-us\/","url":"https:\/\/www.aseguridad.co\/en\/about-us\/","name":"About us - ASS Ltda","isPartOf":{"@id":"https:\/\/www.aseguridad.co\/en\/#website"},"primaryImageOfPage":{"@id":"https:\/\/www.aseguridad.co\/en\/about-us\/#primaryimage"},"image":{"@id":"https:\/\/www.aseguridad.co\/en\/about-us\/#primaryimage"},"thumbnailUrl":"http:\/\/www.aseguridad.co\/wp-content\/uploads\/2022\/01\/group-of-industrial-people-standing-at-industrial-2021-09-24-20-29-08-utc-scaled.jpg","datePublished":"2022-01-11T14:49:23+00:00","dateModified":"2022-01-20T14:15:48+00:00","description":"We at ASS are an integral consulting company, specialized in specific areas of work, with certified personnel.","inLanguage":"en-US","potentialAction":[{"@type":"ReadAction","target":["https:\/\/www.aseguridad.co\/en\/about-us\/"]}]},{"@type":"ImageObject","inLanguage":"en-US","@id":"https:\/\/www.aseguridad.co\/en\/about-us\/#primaryimage","url":"http:\/\/www.aseguridad.co\/wp-content\/uploads\/2022\/01\/group-of-industrial-people-standing-at-industrial-2021-09-24-20-29-08-utc-scaled.jpg","contentUrl":"http:\/\/www.aseguridad.co\/wp-content\/uploads\/2022\/01\/group-of-industrial-people-standing-at-industrial-2021-09-24-20-29-08-utc-scaled.jpg"},{"@type":"WebSite","@id":"https:\/\/www.aseguridad.co\/en\/#website","url":"https:\/\/www.aseguridad.co\/en\/","name":"ASS Ltda","description":"Ambiente - Salud - Seguridad","publisher":{"@id":"https:\/\/www.aseguridad.co\/en\/#organization"},"potentialAction":[{"@type":"SearchAction","target":{"@type":"EntryPoint","urlTemplate":"https:\/\/www.aseguridad.co\/en\/?s={search_term_string}"},"query-input":{"@type":"PropertyValueSpecification","valueRequired":true,"valueName":"search_term_string"}}],"inLanguage":"en-US"},{"@type":"Organization","@id":"https:\/\/www.aseguridad.co\/en\/#organization","name":"ASS Ltda","url":"https:\/\/www.aseguridad.co\/en\/","logo":{"@type":"ImageObject","inLanguage":"en-US","@id":"https:\/\/www.aseguridad.co\/en\/#\/schema\/logo\/image\/","url":"http:\/\/www.aseguridad.co\/wp-content\/uploads\/2021\/12\/Logo-ASS.png","contentUrl":"http:\/\/www.aseguridad.co\/wp-content\/uploads\/2021\/12\/Logo-ASS.png","width":213,"height":200,"caption":"ASS Ltda"},"image":{"@id":"https:\/\/www.aseguridad.co\/en\/#\/schema\/logo\/image\/"}}]}},"_links":{"self":[{"href":"https:\/\/www.aseguridad.co\/en\/wp-json\/wp\/v2\/pages\/1415","targetHints":{"allow":["GET"]}}],"collection":[{"href":"https:\/\/www.aseguridad.co\/en\/wp-json\/wp\/v2\/pages"}],"about":[{"href":"https:\/\/www.aseguridad.co\/en\/wp-json\/wp\/v2\/types\/page"}],"author":[{"embeddable":true,"href":"https:\/\/www.aseguridad.co\/en\/wp-json\/wp\/v2\/users\/3"}],"replies":[{"embeddable":true,"href":"https:\/\/www.aseguridad.co\/en\/wp-json\/wp\/v2\/comments?post=1415"}],"version-history":[{"count":15,"href":"https:\/\/www.aseguridad.co\/en\/wp-json\/wp\/v2\/pages\/1415\/revisions"}],"predecessor-version":[{"id":1902,"href":"https:\/\/www.aseguridad.co\/en\/wp-json\/wp\/v2\/pages\/1415\/revisions\/1902"}],"wp:attachment":[{"href":"https:\/\/www.aseguridad.co\/en\/wp-json\/wp\/v2\/media?parent=1415"}],"curies":[{"name":"wp","href":"https:\/\/api.w.org\/{rel}","templated":true}]}}